{"id":3,"date":"2009-05-15T09:20:13","date_gmt":"2009-05-15T07:20:13","guid":{"rendered":"http:\/\/webdev.netzorz.se\/se-bra\/wordpress\/?page_id=3"},"modified":"2025-06-23T08:05:46","modified_gmt":"2025-06-23T07:05:46","slug":"hem","status":"publish","type":"page","link":"https:\/\/www.se-bra.se\/","title":{"rendered":"Hem"},"content":{"rendered":"<div class=\"grid_4\">\n<div class=\"home-col1\">\n<h2>Luppmannens &#8220;tempor\u00e4ra&#8221; hem i cyberspace&#8230;<\/h2>\n<p>Hej! N\u00e5got har h\u00e4nt med min hemsida och den fungerar inte l\u00e4ngre. Detta \u00e4r en tempor\u00e4r sida, och den kommer f\u00f6rhoppningsvis ers\u00e4ttas av n\u00e5got b\u00e4ttre i framtiden&#8230;. Kontaktinformation till mig hittar du l\u00e4ngst ner p\u00e5 denna sida. Det snabbaste s\u00e4ttet att komma i kontakt med mig \u00e4r via SMS.<\/p>\n<\/div>\n<\/div>\n","protected":false},"excerpt":{"rendered":"<p>Luppmannens &#8220;tempor\u00e4ra&#8221; hem i cyberspace&#8230; Hej! N\u00e5got har h\u00e4nt med min hemsida och den fungerar inte l\u00e4ngre. Detta \u00e4r en tempor\u00e4r sida, och den kommer f\u00f6rhoppningsvis ers\u00e4ttas av n\u00e5got b\u00e4ttre i framtiden&#8230;. Kontaktinformation till mig hittar du l\u00e4ngst ner p\u00e5 denna sida. Det snabbaste s\u00e4ttet att komma i kontakt med mig \u00e4r via SMS.<\/p>\n","protected":false},"author":1,"featured_media":0,"parent":0,"menu_order":1,"comment_status":"closed","ping_status":"closed","template":"","meta":{"footnotes":""},"class_list":["post-3","page","type-page","status-publish","hentry","entry"],"_links":{"self":[{"href":"https:\/\/www.se-bra.se\/index.php?rest_route=\/wp\/v2\/pages\/3","targetHints":{"allow":["GET"]}}],"collection":[{"href":"https:\/\/www.se-bra.se\/index.php?rest_route=\/wp\/v2\/pages"}],"about":[{"href":"https:\/\/www.se-bra.se\/index.php?rest_route=\/wp\/v2\/types\/page"}],"author":[{"embeddable":true,"href":"https:\/\/www.se-bra.se\/index.php?rest_route=\/wp\/v2\/users\/1"}],"replies":[{"embeddable":true,"href":"https:\/\/www.se-bra.se\/index.php?rest_route=%2Fwp%2Fv2%2Fcomments&post=3"}],"version-history":[{"count":20,"href":"https:\/\/www.se-bra.se\/index.php?rest_route=\/wp\/v2\/pages\/3\/revisions"}],"predecessor-version":[{"id":262,"href":"https:\/\/www.se-bra.se\/index.php?rest_route=\/wp\/v2\/pages\/3\/revisions\/262"}],"wp:attachment":[{"href":"https:\/\/www.se-bra.se\/index.php?rest_route=%2Fwp%2Fv2%2Fmedia&parent=3"}],"curies":[{"name":"wp","href":"https:\/\/api.w.org\/{rel}","templated":true}]}}